{"id":42,"date":"2015-09-04T14:34:05","date_gmt":"2015-09-04T14:34:05","guid":{"rendered":"http:\/\/lueftner-cruises.fr\/croisieres-fluviales-de-luxe\/?page_id=42"},"modified":"2016-12-12T14:08:16","modified_gmt":"2016-12-12T14:08:16","slug":"information-reservation","status":"publish","type":"page","link":"https:\/\/lueftner-cruises.fr\/croisieres-fluviales-de-luxe\/information-reservation\/","title":{"rendered":"Information et r\u00e9servation"},"content":{"rendered":"<p><strong>Pour toute demande d&rsquo;information, de brochure et de r\u00e9servation contactez votre agent de voyages. <\/strong><\/p>\n<p>Pour tout renseignement suppl\u00e9mentaire :<\/p>\n<p><strong><img loading=\"lazy\" decoding=\"async\" class=\"alignnone\" style=\"width: 250px; height: 111px; float: right;\" title=\"Croisi\u00e8res L\u00fcftner Cruises avec TMG (Travel Maritime Group)\" src=\"https:\/\/www.tmg-cruises.com\/sites\/default\/files\/TMG%20LOGO%20250.jpg\" alt=\"tmg travel maritime group monaco\" width=\"250\" height=\"111\" \/>TMG &#8211; Agent G\u00e9n\u00e9ral des Ventes pour L\u00fcftner Cruises en France et \u00e0 Monaco<\/strong><br \/>\n20 avenue de Fontvieille &#8211; MC 98000 Monaco<br \/>\nT\u00e9l +377 97 98 41 31 &#8211; Fax +377 97 98 41 30<br \/>\n<a href=\"mailto:lueftner@tmg-cruises.com?subject=Lueftner%20Cruises\">lueftner@tmg-cruises.com<\/a><\/p>\n<p>&nbsp;<\/p>\n<p>&nbsp;<\/p>\n","protected":false},"excerpt":{"rendered":"<p>Pour toute demande d&rsquo;information, de brochure et de r\u00e9servation contactez votre agent de voyages. Pour tout renseignement suppl\u00e9mentaire : TMG &#8211; Agent G\u00e9n\u00e9ral des Ventes pour L\u00fcftner Cruises en France et \u00e0 Monaco 20 avenue de Fontvieille &#8211; MC 98000 Monaco T\u00e9l +377 97 98 41 31 &#8211; Fax +377 97 98 41 30 lueftner@tmg-cruises.com [&hellip;]<\/p>\n","protected":false},"author":1,"featured_media":0,"parent":0,"menu_order":0,"comment_status":"closed","ping_status":"closed","template":"","meta":{"footnotes":""},"class_list":["post-42","page","type-page","status-publish","hentry"],"yoast_head":"<!-- This site is optimized with the Yoast SEO plugin v27.5 - https:\/\/yoast.com\/product\/yoast-seo-wordpress\/ -->\n<title>Croisi\u00e8re Fluviale L\u00fcftner Cruises : Information et r\u00e9servation<\/title>\n<meta name=\"description\" content=\"TMG - Agent G\u00e9n\u00e9ral des Ventes pour les croisi\u00e8res fluviales L\u00fcftner Cruises flotte AMADEUS en France et \u00e0 Monaco. D\u00e9couvrez les pus beaux fleuves d&#039;Europe.\" \/>\n<meta name=\"robots\" content=\"index, follow, max-snippet:-1, max-image-preview:large, max-video-preview:-1\" \/>\n<link rel=\"canonical\" href=\"https:\/\/lueftner-cruises.fr\/croisieres-fluviales-de-luxe\/information-reservation\/\" \/>\n<meta property=\"og:locale\" content=\"fr_FR\" \/>\n<meta property=\"og:type\" content=\"article\" \/>\n<meta property=\"og:title\" content=\"Croisi\u00e8re Fluviale L\u00fcftner Cruises : Information et r\u00e9servation\" \/>\n<meta property=\"og:description\" content=\"TMG - Agent G\u00e9n\u00e9ral des Ventes pour les croisi\u00e8res fluviales L\u00fcftner Cruises flotte AMADEUS en France et \u00e0 Monaco. D\u00e9couvrez les pus beaux fleuves d&#039;Europe.\" \/>\n<meta property=\"og:url\" content=\"https:\/\/lueftner-cruises.fr\/croisieres-fluviales-de-luxe\/information-reservation\/\" \/>\n<meta property=\"og:site_name\" content=\"Croisi\u00e8res Fluviales de Luxe L\u00fcftner Cruises\" \/>\n<meta property=\"article:modified_time\" content=\"2016-12-12T14:08:16+00:00\" \/>\n<meta property=\"og:image\" content=\"https:\/\/www.tmg-cruises.com\/sites\/default\/files\/TMG%20LOGO%20250.jpg\" \/>\n<meta name=\"twitter:card\" content=\"summary_large_image\" \/>\n<meta name=\"twitter:site\" content=\"@oceaniacruisefr\" \/>\n<script type=\"application\/ld+json\" class=\"yoast-schema-graph\">{\"@context\":\"https:\\\/\\\/schema.org\",\"@graph\":[{\"@type\":\"WebPage\",\"@id\":\"https:\\\/\\\/lueftner-cruises.fr\\\/croisieres-fluviales-de-luxe\\\/information-reservation\\\/\",\"url\":\"https:\\\/\\\/lueftner-cruises.fr\\\/croisieres-fluviales-de-luxe\\\/information-reservation\\\/\",\"name\":\"Croisi\u00e8re Fluviale L\u00fcftner Cruises : Information et r\u00e9servation\",\"isPartOf\":{\"@id\":\"https:\\\/\\\/lueftner-cruises.fr\\\/croisieres-fluviales-de-luxe\\\/#website\"},\"primaryImageOfPage\":{\"@id\":\"https:\\\/\\\/lueftner-cruises.fr\\\/croisieres-fluviales-de-luxe\\\/information-reservation\\\/#primaryimage\"},\"image\":{\"@id\":\"https:\\\/\\\/lueftner-cruises.fr\\\/croisieres-fluviales-de-luxe\\\/information-reservation\\\/#primaryimage\"},\"thumbnailUrl\":\"https:\\\/\\\/www.tmg-cruises.com\\\/sites\\\/default\\\/files\\\/TMG%20LOGO%20250.jpg\",\"datePublished\":\"2015-09-04T14:34:05+00:00\",\"dateModified\":\"2016-12-12T14:08:16+00:00\",\"description\":\"TMG - Agent G\u00e9n\u00e9ral des Ventes pour les croisi\u00e8res fluviales L\u00fcftner Cruises flotte AMADEUS en France et \u00e0 Monaco. D\u00e9couvrez les pus beaux fleuves d'Europe.\",\"breadcrumb\":{\"@id\":\"https:\\\/\\\/lueftner-cruises.fr\\\/croisieres-fluviales-de-luxe\\\/information-reservation\\\/#breadcrumb\"},\"inLanguage\":\"fr-FR\",\"potentialAction\":[{\"@type\":\"ReadAction\",\"target\":[\"https:\\\/\\\/lueftner-cruises.fr\\\/croisieres-fluviales-de-luxe\\\/information-reservation\\\/\"]}]},{\"@type\":\"ImageObject\",\"inLanguage\":\"fr-FR\",\"@id\":\"https:\\\/\\\/lueftner-cruises.fr\\\/croisieres-fluviales-de-luxe\\\/information-reservation\\\/#primaryimage\",\"url\":\"https:\\\/\\\/www.tmg-cruises.com\\\/sites\\\/default\\\/files\\\/TMG%20LOGO%20250.jpg\",\"contentUrl\":\"https:\\\/\\\/www.tmg-cruises.com\\\/sites\\\/default\\\/files\\\/TMG%20LOGO%20250.jpg\"},{\"@type\":\"BreadcrumbList\",\"@id\":\"https:\\\/\\\/lueftner-cruises.fr\\\/croisieres-fluviales-de-luxe\\\/information-reservation\\\/#breadcrumb\",\"itemListElement\":[{\"@type\":\"ListItem\",\"position\":1,\"name\":\"Accueil\",\"item\":\"https:\\\/\\\/lueftner-cruises.fr\\\/croisieres-fluviales-de-luxe\\\/\"},{\"@type\":\"ListItem\",\"position\":2,\"name\":\"Information et r\u00e9servation\"}]},{\"@type\":\"WebSite\",\"@id\":\"https:\\\/\\\/lueftner-cruises.fr\\\/croisieres-fluviales-de-luxe\\\/#website\",\"url\":\"https:\\\/\\\/lueftner-cruises.fr\\\/croisieres-fluviales-de-luxe\\\/\",\"name\":\"Croisi\u00e8res Fluviales de Luxe L\u00fcftner Cruises\",\"description\":\"\",\"potentialAction\":[{\"@type\":\"SearchAction\",\"target\":{\"@type\":\"EntryPoint\",\"urlTemplate\":\"https:\\\/\\\/lueftner-cruises.fr\\\/croisieres-fluviales-de-luxe\\\/?s={search_term_string}\"},\"query-input\":{\"@type\":\"PropertyValueSpecification\",\"valueRequired\":true,\"valueName\":\"search_term_string\"}}],\"inLanguage\":\"fr-FR\"}]}<\/script>\n<!-- \/ Yoast SEO plugin. -->","yoast_head_json":{"title":"Croisi\u00e8re Fluviale L\u00fcftner Cruises : Information et r\u00e9servation","description":"TMG - Agent G\u00e9n\u00e9ral des Ventes pour les croisi\u00e8res fluviales L\u00fcftner Cruises flotte AMADEUS en France et \u00e0 Monaco. D\u00e9couvrez les pus beaux fleuves d'Europe.","robots":{"index":"index","follow":"follow","max-snippet":"max-snippet:-1","max-image-preview":"max-image-preview:large","max-video-preview":"max-video-preview:-1"},"canonical":"https:\/\/lueftner-cruises.fr\/croisieres-fluviales-de-luxe\/information-reservation\/","og_locale":"fr_FR","og_type":"article","og_title":"Croisi\u00e8re Fluviale L\u00fcftner Cruises : Information et r\u00e9servation","og_description":"TMG - Agent G\u00e9n\u00e9ral des Ventes pour les croisi\u00e8res fluviales L\u00fcftner Cruises flotte AMADEUS en France et \u00e0 Monaco. D\u00e9couvrez les pus beaux fleuves d'Europe.","og_url":"https:\/\/lueftner-cruises.fr\/croisieres-fluviales-de-luxe\/information-reservation\/","og_site_name":"Croisi\u00e8res Fluviales de Luxe L\u00fcftner Cruises","article_modified_time":"2016-12-12T14:08:16+00:00","og_image":[{"url":"https:\/\/www.tmg-cruises.com\/sites\/default\/files\/TMG%20LOGO%20250.jpg","type":"","width":"","height":""}],"twitter_card":"summary_large_image","twitter_site":"@oceaniacruisefr","schema":{"@context":"https:\/\/schema.org","@graph":[{"@type":"WebPage","@id":"https:\/\/lueftner-cruises.fr\/croisieres-fluviales-de-luxe\/information-reservation\/","url":"https:\/\/lueftner-cruises.fr\/croisieres-fluviales-de-luxe\/information-reservation\/","name":"Croisi\u00e8re Fluviale L\u00fcftner Cruises : Information et r\u00e9servation","isPartOf":{"@id":"https:\/\/lueftner-cruises.fr\/croisieres-fluviales-de-luxe\/#website"},"primaryImageOfPage":{"@id":"https:\/\/lueftner-cruises.fr\/croisieres-fluviales-de-luxe\/information-reservation\/#primaryimage"},"image":{"@id":"https:\/\/lueftner-cruises.fr\/croisieres-fluviales-de-luxe\/information-reservation\/#primaryimage"},"thumbnailUrl":"https:\/\/www.tmg-cruises.com\/sites\/default\/files\/TMG%20LOGO%20250.jpg","datePublished":"2015-09-04T14:34:05+00:00","dateModified":"2016-12-12T14:08:16+00:00","description":"TMG - Agent G\u00e9n\u00e9ral des Ventes pour les croisi\u00e8res fluviales L\u00fcftner Cruises flotte AMADEUS en France et \u00e0 Monaco. D\u00e9couvrez les pus beaux fleuves d'Europe.","breadcrumb":{"@id":"https:\/\/lueftner-cruises.fr\/croisieres-fluviales-de-luxe\/information-reservation\/#breadcrumb"},"inLanguage":"fr-FR","potentialAction":[{"@type":"ReadAction","target":["https:\/\/lueftner-cruises.fr\/croisieres-fluviales-de-luxe\/information-reservation\/"]}]},{"@type":"ImageObject","inLanguage":"fr-FR","@id":"https:\/\/lueftner-cruises.fr\/croisieres-fluviales-de-luxe\/information-reservation\/#primaryimage","url":"https:\/\/www.tmg-cruises.com\/sites\/default\/files\/TMG%20LOGO%20250.jpg","contentUrl":"https:\/\/www.tmg-cruises.com\/sites\/default\/files\/TMG%20LOGO%20250.jpg"},{"@type":"BreadcrumbList","@id":"https:\/\/lueftner-cruises.fr\/croisieres-fluviales-de-luxe\/information-reservation\/#breadcrumb","itemListElement":[{"@type":"ListItem","position":1,"name":"Accueil","item":"https:\/\/lueftner-cruises.fr\/croisieres-fluviales-de-luxe\/"},{"@type":"ListItem","position":2,"name":"Information et r\u00e9servation"}]},{"@type":"WebSite","@id":"https:\/\/lueftner-cruises.fr\/croisieres-fluviales-de-luxe\/#website","url":"https:\/\/lueftner-cruises.fr\/croisieres-fluviales-de-luxe\/","name":"Croisi\u00e8res Fluviales de Luxe L\u00fcftner Cruises","description":"","potentialAction":[{"@type":"SearchAction","target":{"@type":"EntryPoint","urlTemplate":"https:\/\/lueftner-cruises.fr\/croisieres-fluviales-de-luxe\/?s={search_term_string}"},"query-input":{"@type":"PropertyValueSpecification","valueRequired":true,"valueName":"search_term_string"}}],"inLanguage":"fr-FR"}]}},"_links":{"self":[{"href":"https:\/\/lueftner-cruises.fr\/croisieres-fluviales-de-luxe\/wp-json\/wp\/v2\/pages\/42","targetHints":{"allow":["GET"]}}],"collection":[{"href":"https:\/\/lueftner-cruises.fr\/croisieres-fluviales-de-luxe\/wp-json\/wp\/v2\/pages"}],"about":[{"href":"https:\/\/lueftner-cruises.fr\/croisieres-fluviales-de-luxe\/wp-json\/wp\/v2\/types\/page"}],"author":[{"embeddable":true,"href":"https:\/\/lueftner-cruises.fr\/croisieres-fluviales-de-luxe\/wp-json\/wp\/v2\/users\/1"}],"replies":[{"embeddable":true,"href":"https:\/\/lueftner-cruises.fr\/croisieres-fluviales-de-luxe\/wp-json\/wp\/v2\/comments?post=42"}],"version-history":[{"count":5,"href":"https:\/\/lueftner-cruises.fr\/croisieres-fluviales-de-luxe\/wp-json\/wp\/v2\/pages\/42\/revisions"}],"predecessor-version":[{"id":213,"href":"https:\/\/lueftner-cruises.fr\/croisieres-fluviales-de-luxe\/wp-json\/wp\/v2\/pages\/42\/revisions\/213"}],"wp:attachment":[{"href":"https:\/\/lueftner-cruises.fr\/croisieres-fluviales-de-luxe\/wp-json\/wp\/v2\/media?parent=42"}],"curies":[{"name":"wp","href":"https:\/\/api.w.org\/{rel}","templated":true}]}}