{"id":40,"date":"2015-09-04T14:32:43","date_gmt":"2015-09-04T14:32:43","guid":{"rendered":"http:\/\/lueftner-cruises.fr\/croisieres-fluviales-de-luxe\/?page_id=40"},"modified":"2026-03-09T10:54:04","modified_gmt":"2026-03-09T10:54:04","slug":"decouvrir-l-europe-d-une-maniere-exceptionnelle","status":"publish","type":"page","link":"https:\/\/lueftner-cruises.fr\/croisieres-fluviales-de-luxe\/decouvrir-l-europe-d-une-maniere-exceptionnelle\/","title":{"rendered":"D\u00e9couvrir l\u2018Europe d\u2018une mani\u00e8re exceptionnelle"},"content":{"rendered":"<div class=\"et_pb_section_0 et_pb_section et_section_regular et_block_section\">\n<div class=\"et_pb_row_0 et_pb_row et_block_row\">\n<div class=\"et_pb_column_0 et_pb_column et_pb_column_4_4 et-last-child et_block_column et_pb_css_mix_blend_mode_passthrough\">\n<div class=\"et_pb_text_0 et_pb_text et_pb_bg_layout_light et_pb_module et_block_module\"><div class=\"et_pb_text_inner\"><p><img loading=\"lazy\" decoding=\"async\" class=\"alignnone\" style=\"width: 220px; height: 118px; float: right;\" title=\"L\u00fcftner Cruises, croisi\u00e8re fluviale de prestige AMADEUS\" src=\"https:\/\/lueftner-cruises.fr\/croisieres-fluviales-de-luxe\/wp-content\/uploads\/2016\/12\/luftner-cruises.jpg\" alt=\"croisiere fluviale amadeus\" width=\"220\" height=\"118\" \/><\/p>\n<p>Votre bateau de <strong>croisi\u00e8re fluviale de prestige AMADEUS<\/strong> vous offre une vue toute personnelle sur des paysages sans cesse changeants, parsem\u00e9s de villages idylliques, de ch\u00e2teaux m\u00e9di\u00e9vaux et de villes tr\u00e9pidantes.<\/p>\n<p>Faites l\u2018exp\u00e9rience d\u2018une <strong>croisi\u00e8re fluviale<\/strong> avec notre <strong>flotte AMADEUS<\/strong> et vous ne souhaiterez plus jamais voyager autrement. Vos avantages m\/v Amadeus en un coup d'oeil :<\/p>\n<ul>\n<li><strong>Atmosph\u00e8re personnelle<\/strong> et <strong>service d\u2018excellence<\/strong> : en tant qu\u2018entreprise familiale, le bien-\u00eatre de chacun de nos h\u00f4tes nous tient personnellement \u00e0 c\u0153ur. Nous pr\u00eatons donc une attention particuli\u00e8re, aid\u00e9s de notre \u00e9quipage engag\u00e9, \u00e0 l\u2018\u00e9quilibre entre d\u00e9couvertes et relaxation au cours de votre <strong>croisi\u00e8re<\/strong>, afin que vous puissiez vous concentrer sur l\u2018essentiel: <strong>plaisir et repos<\/strong>.<\/li>\n<li>Joies du palais : une <strong>gastronomie <\/strong>autrichienne et internationale vous attend \u00e0 bord, faite de menus compos\u00e9s avec soin \u00e0 partir de produits r\u00e9gionaux frais. Les repas du soir \u00e0 bord sont accompagn\u00e9s de vins r\u00e9gionaux de qualit\u00e9 vari\u00e9s.<\/li>\n<li>Des d\u00e9couvertes sources d\u2018inspiration : nos inoubliables <strong>excursions \u00e0 terre<\/strong> vous font d\u00e9couvrir l\u2018Europe sous son plus beau jour. Nos guides touristiques exp\u00e9riment\u00e9s vous r\u00e9v\u00e8lent de v\u00e9ritables secrets d\u2018initi\u00e9s pour des souvenirs spectaculaires \u2013 et votre syst\u00e8me audio <strong>AMADEUS <\/strong>sans fil vous accompagne toujours, pour une exp\u00e9rience d\u00e9contract\u00e9e et individuelle \u00e0 terre.<\/li>\n<li>\u00c9quipement de prestige sur tous les <strong>bateaux AMADEUS<\/strong> avec un accent particulier mis sur l\u2018\u00e9l\u00e9gance moderne, l\u2018espace et l\u2018agr\u00e9able atmosph\u00e8re.<\/li>\n<li><strong>Voyages culturels<\/strong> respectueux de l\u2018environnement : notre <strong>flotte AMADEUS<\/strong> a re\u00e7u le label de qualit\u00e9 \u00e9cologique \u00ab<strong>Green Globe<\/strong>\u00bb pour ses efforts quant \u00e0 une exploitation durable et ses <strong>mesures respectueuses de l\u2018environnement<\/strong>.<\/li>\n<\/ul>\n<\/div><\/div>\n\n<div class=\"et_pb_module et_pb_button_module_wrapper et_pb_button_0_wrapper\"><a class=\"et_pb_button_0 et_pb_button et_pb_bg_layout_light et_pb_module et_block_module\" href=\"https:\/\/lueftner-cruises.fr\/croisieres-fluviales-de-luxe\/wp-content\/uploads\/2025\/06\/2026_River_Cruise_Brochure_Lueftner_Cruises_single_Compresser.pdf\">D\u00e9couvrez notre brochure 2026<\/a><\/div>\n<\/div>\n<\/div>\n\n<div class=\"et_pb_row_1 et_pb_row et_block_row\">\n<div class=\"et_pb_column_1 et_pb_column et_pb_column_4_4 et-last-child et_block_column et_pb_css_mix_blend_mode_passthrough\">\n<div class=\"et_pb_video_0 et_pb_video et_pb_module et_block_module\"><div class=\"et_pb_video_box\"><iframe loading=\"lazy\" title=\"YouTube video\" width=\"1080\" height=\"608\" src=\"https:\/\/www.youtube.com\/embed\/phQzdSQKsyo?feature=oembed\" allow=\"accelerometer; autoplay; clipboard-write; encrypted-media; gyroscope; picture-in-picture; web-share\" referrerpolicy=\"strict-origin-when-cross-origin\" allowfullscreen><\/iframe><\/div><\/div>\n<\/div>\n<\/div>\n<\/div>","protected":false},"excerpt":{"rendered":"","protected":false},"author":1,"featured_media":0,"parent":0,"menu_order":0,"comment_status":"closed","ping_status":"closed","template":"","meta":{"footnotes":""},"class_list":["post-40","page","type-page","status-publish","hentry"],"yoast_head":"<!-- This site is optimized with the Yoast SEO plugin v27.5 - https:\/\/yoast.com\/product\/yoast-seo-wordpress\/ -->\n<title>Croisi\u00e8re de Luxe L\u00fcftner Cruises : D\u00e9couvrir l\u2018Europe<\/title>\n<meta name=\"description\" content=\"Croisi\u00e8re fluviale de prestige AMADEUS : une vue sur des paysages parsem\u00e9s de villages idylliques, de ch\u00e2teaux m\u00e9di\u00e9vaux et de villes tr\u00e9pidantes.\" \/>\n<meta name=\"robots\" content=\"index, follow, max-snippet:-1, max-image-preview:large, max-video-preview:-1\" \/>\n<link rel=\"canonical\" href=\"https:\/\/lueftner-cruises.fr\/croisieres-fluviales-de-luxe\/decouvrir-l-europe-d-une-maniere-exceptionnelle\/\" \/>\n<meta property=\"og:locale\" content=\"fr_FR\" \/>\n<meta property=\"og:type\" content=\"article\" \/>\n<meta property=\"og:title\" content=\"Croisi\u00e8re de Luxe L\u00fcftner Cruises : D\u00e9couvrir l\u2018Europe\" \/>\n<meta property=\"og:description\" content=\"Croisi\u00e8re fluviale de prestige AMADEUS : une vue sur des paysages parsem\u00e9s de villages idylliques, de ch\u00e2teaux m\u00e9di\u00e9vaux et de villes tr\u00e9pidantes.\" \/>\n<meta property=\"og:url\" content=\"https:\/\/lueftner-cruises.fr\/croisieres-fluviales-de-luxe\/decouvrir-l-europe-d-une-maniere-exceptionnelle\/\" \/>\n<meta property=\"og:site_name\" content=\"Croisi\u00e8res Fluviales de Luxe L\u00fcftner Cruises\" \/>\n<meta property=\"article:modified_time\" content=\"2026-03-09T10:54:04+00:00\" \/>\n<meta name=\"twitter:card\" content=\"summary_large_image\" \/>\n<meta name=\"twitter:site\" content=\"@oceaniacruisefr\" \/>\n<script type=\"application\/ld+json\" class=\"yoast-schema-graph\">{\"@context\":\"https:\\\/\\\/schema.org\",\"@graph\":[{\"@type\":\"WebPage\",\"@id\":\"https:\\\/\\\/lueftner-cruises.fr\\\/croisieres-fluviales-de-luxe\\\/decouvrir-l-europe-d-une-maniere-exceptionnelle\\\/\",\"url\":\"https:\\\/\\\/lueftner-cruises.fr\\\/croisieres-fluviales-de-luxe\\\/decouvrir-l-europe-d-une-maniere-exceptionnelle\\\/\",\"name\":\"Croisi\u00e8re de Luxe L\u00fcftner Cruises : D\u00e9couvrir l\u2018Europe\",\"isPartOf\":{\"@id\":\"https:\\\/\\\/lueftner-cruises.fr\\\/croisieres-fluviales-de-luxe\\\/#website\"},\"datePublished\":\"2015-09-04T14:32:43+00:00\",\"dateModified\":\"2026-03-09T10:54:04+00:00\",\"description\":\"Croisi\u00e8re fluviale de prestige AMADEUS : une vue sur des paysages parsem\u00e9s de villages idylliques, de ch\u00e2teaux m\u00e9di\u00e9vaux et de villes tr\u00e9pidantes.\",\"breadcrumb\":{\"@id\":\"https:\\\/\\\/lueftner-cruises.fr\\\/croisieres-fluviales-de-luxe\\\/decouvrir-l-europe-d-une-maniere-exceptionnelle\\\/#breadcrumb\"},\"inLanguage\":\"fr-FR\",\"potentialAction\":[{\"@type\":\"ReadAction\",\"target\":[\"https:\\\/\\\/lueftner-cruises.fr\\\/croisieres-fluviales-de-luxe\\\/decouvrir-l-europe-d-une-maniere-exceptionnelle\\\/\"]}]},{\"@type\":\"BreadcrumbList\",\"@id\":\"https:\\\/\\\/lueftner-cruises.fr\\\/croisieres-fluviales-de-luxe\\\/decouvrir-l-europe-d-une-maniere-exceptionnelle\\\/#breadcrumb\",\"itemListElement\":[{\"@type\":\"ListItem\",\"position\":1,\"name\":\"Accueil\",\"item\":\"https:\\\/\\\/lueftner-cruises.fr\\\/croisieres-fluviales-de-luxe\\\/\"},{\"@type\":\"ListItem\",\"position\":2,\"name\":\"D\u00e9couvrir l\u2018Europe d\u2018une mani\u00e8re exceptionnelle\"}]},{\"@type\":\"WebSite\",\"@id\":\"https:\\\/\\\/lueftner-cruises.fr\\\/croisieres-fluviales-de-luxe\\\/#website\",\"url\":\"https:\\\/\\\/lueftner-cruises.fr\\\/croisieres-fluviales-de-luxe\\\/\",\"name\":\"Croisi\u00e8res Fluviales de Luxe L\u00fcftner Cruises\",\"description\":\"\",\"potentialAction\":[{\"@type\":\"SearchAction\",\"target\":{\"@type\":\"EntryPoint\",\"urlTemplate\":\"https:\\\/\\\/lueftner-cruises.fr\\\/croisieres-fluviales-de-luxe\\\/?s={search_term_string}\"},\"query-input\":{\"@type\":\"PropertyValueSpecification\",\"valueRequired\":true,\"valueName\":\"search_term_string\"}}],\"inLanguage\":\"fr-FR\"}]}<\/script>\n<!-- \/ Yoast SEO plugin. -->","yoast_head_json":{"title":"Croisi\u00e8re de Luxe L\u00fcftner Cruises : D\u00e9couvrir l\u2018Europe","description":"Croisi\u00e8re fluviale de prestige AMADEUS : une vue sur des paysages parsem\u00e9s de villages idylliques, de ch\u00e2teaux m\u00e9di\u00e9vaux et de villes tr\u00e9pidantes.","robots":{"index":"index","follow":"follow","max-snippet":"max-snippet:-1","max-image-preview":"max-image-preview:large","max-video-preview":"max-video-preview:-1"},"canonical":"https:\/\/lueftner-cruises.fr\/croisieres-fluviales-de-luxe\/decouvrir-l-europe-d-une-maniere-exceptionnelle\/","og_locale":"fr_FR","og_type":"article","og_title":"Croisi\u00e8re de Luxe L\u00fcftner Cruises : D\u00e9couvrir l\u2018Europe","og_description":"Croisi\u00e8re fluviale de prestige AMADEUS : une vue sur des paysages parsem\u00e9s de villages idylliques, de ch\u00e2teaux m\u00e9di\u00e9vaux et de villes tr\u00e9pidantes.","og_url":"https:\/\/lueftner-cruises.fr\/croisieres-fluviales-de-luxe\/decouvrir-l-europe-d-une-maniere-exceptionnelle\/","og_site_name":"Croisi\u00e8res Fluviales de Luxe L\u00fcftner Cruises","article_modified_time":"2026-03-09T10:54:04+00:00","twitter_card":"summary_large_image","twitter_site":"@oceaniacruisefr","schema":{"@context":"https:\/\/schema.org","@graph":[{"@type":"WebPage","@id":"https:\/\/lueftner-cruises.fr\/croisieres-fluviales-de-luxe\/decouvrir-l-europe-d-une-maniere-exceptionnelle\/","url":"https:\/\/lueftner-cruises.fr\/croisieres-fluviales-de-luxe\/decouvrir-l-europe-d-une-maniere-exceptionnelle\/","name":"Croisi\u00e8re de Luxe L\u00fcftner Cruises : D\u00e9couvrir l\u2018Europe","isPartOf":{"@id":"https:\/\/lueftner-cruises.fr\/croisieres-fluviales-de-luxe\/#website"},"datePublished":"2015-09-04T14:32:43+00:00","dateModified":"2026-03-09T10:54:04+00:00","description":"Croisi\u00e8re fluviale de prestige AMADEUS : une vue sur des paysages parsem\u00e9s de villages idylliques, de ch\u00e2teaux m\u00e9di\u00e9vaux et de villes tr\u00e9pidantes.","breadcrumb":{"@id":"https:\/\/lueftner-cruises.fr\/croisieres-fluviales-de-luxe\/decouvrir-l-europe-d-une-maniere-exceptionnelle\/#breadcrumb"},"inLanguage":"fr-FR","potentialAction":[{"@type":"ReadAction","target":["https:\/\/lueftner-cruises.fr\/croisieres-fluviales-de-luxe\/decouvrir-l-europe-d-une-maniere-exceptionnelle\/"]}]},{"@type":"BreadcrumbList","@id":"https:\/\/lueftner-cruises.fr\/croisieres-fluviales-de-luxe\/decouvrir-l-europe-d-une-maniere-exceptionnelle\/#breadcrumb","itemListElement":[{"@type":"ListItem","position":1,"name":"Accueil","item":"https:\/\/lueftner-cruises.fr\/croisieres-fluviales-de-luxe\/"},{"@type":"ListItem","position":2,"name":"D\u00e9couvrir l\u2018Europe d\u2018une mani\u00e8re exceptionnelle"}]},{"@type":"WebSite","@id":"https:\/\/lueftner-cruises.fr\/croisieres-fluviales-de-luxe\/#website","url":"https:\/\/lueftner-cruises.fr\/croisieres-fluviales-de-luxe\/","name":"Croisi\u00e8res Fluviales de Luxe L\u00fcftner Cruises","description":"","potentialAction":[{"@type":"SearchAction","target":{"@type":"EntryPoint","urlTemplate":"https:\/\/lueftner-cruises.fr\/croisieres-fluviales-de-luxe\/?s={search_term_string}"},"query-input":{"@type":"PropertyValueSpecification","valueRequired":true,"valueName":"search_term_string"}}],"inLanguage":"fr-FR"}]}},"_links":{"self":[{"href":"https:\/\/lueftner-cruises.fr\/croisieres-fluviales-de-luxe\/wp-json\/wp\/v2\/pages\/40","targetHints":{"allow":["GET"]}}],"collection":[{"href":"https:\/\/lueftner-cruises.fr\/croisieres-fluviales-de-luxe\/wp-json\/wp\/v2\/pages"}],"about":[{"href":"https:\/\/lueftner-cruises.fr\/croisieres-fluviales-de-luxe\/wp-json\/wp\/v2\/types\/page"}],"author":[{"embeddable":true,"href":"https:\/\/lueftner-cruises.fr\/croisieres-fluviales-de-luxe\/wp-json\/wp\/v2\/users\/1"}],"replies":[{"embeddable":true,"href":"https:\/\/lueftner-cruises.fr\/croisieres-fluviales-de-luxe\/wp-json\/wp\/v2\/comments?post=40"}],"version-history":[{"count":32,"href":"https:\/\/lueftner-cruises.fr\/croisieres-fluviales-de-luxe\/wp-json\/wp\/v2\/pages\/40\/revisions"}],"predecessor-version":[{"id":529,"href":"https:\/\/lueftner-cruises.fr\/croisieres-fluviales-de-luxe\/wp-json\/wp\/v2\/pages\/40\/revisions\/529"}],"wp:attachment":[{"href":"https:\/\/lueftner-cruises.fr\/croisieres-fluviales-de-luxe\/wp-json\/wp\/v2\/media?parent=40"}],"curies":[{"name":"wp","href":"https:\/\/api.w.org\/{rel}","templated":true}]}}