{"id":38,"date":"2015-09-04T14:31:46","date_gmt":"2015-09-04T14:31:46","guid":{"rendered":"http:\/\/lueftner-cruises.fr\/croisieres-fluviales-de-luxe\/?page_id=38"},"modified":"2026-03-09T11:04:47","modified_gmt":"2026-03-09T11:04:47","slug":"decouvrir-admirer-et-se-laisser-inspirer","status":"publish","type":"page","link":"https:\/\/lueftner-cruises.fr\/croisieres-fluviales-de-luxe\/decouvrir-admirer-et-se-laisser-inspirer\/","title":{"rendered":"D\u00e9couvrir, admirer et se laisser inspirer"},"content":{"rendered":"<div class=\"et_pb_section_0 et_pb_section et_section_regular et_block_section\">\n<div class=\"et_pb_row_0 et_pb_row et_block_row\">\n<div class=\"et_pb_column_0 et_pb_column et_pb_column_4_4 et-last-child et_block_column et_pb_css_mix_blend_mode_passthrough\">\n<div class=\"et_pb_text_0 et_pb_text et_pb_bg_layout_light et_pb_module et_block_module\"><div class=\"et_pb_text_inner\"><h2><img loading=\"lazy\" decoding=\"async\" class=\"alignright wp-image-65 size-medium\" title=\"Croisi\u00e8re L\u00fcftner Cruises : d\u00e9couvrez les grandes villes europ\u00e9ennes\" src=\"https:\/\/lueftner-cruises.fr\/croisieres-fluviales-de-luxe\/wp-content\/uploads\/2015\/09\/01-AMADEUS-Elegant-Budapest_s-234x300.jpg\" alt=\"Croisi\u00e8re sur le Danube\" width=\"234\" height=\"300\" srcset=\"https:\/\/lueftner-cruises.fr\/croisieres-fluviales-de-luxe\/wp-content\/uploads\/2015\/09\/01-AMADEUS-Elegant-Budapest_s-234x300.jpg 234w, https:\/\/lueftner-cruises.fr\/croisieres-fluviales-de-luxe\/wp-content\/uploads\/2015\/09\/01-AMADEUS-Elegant-Budapest_s.jpg 300w\" sizes=\"(max-width: 234px) 100vw, 234px\" \/>Chaque fleuve poss\u00e8de une histoire qui lui est propre et vous offre des impressions r\u00e9ellement inoubliables. D\u00e9couvrez avec nous les moments forts de plus de 2\u00a0000 ans d\u2018histoire europ\u00e9enne.<\/h2>\n<p>&nbsp;<\/p>\n<p>Une <strong>croisi\u00e8re fluviale<\/strong> vous donne ainsi la possibilit\u00e9 d\u2018\u00e9tudier <strong>les univers artistiques et culturels de notre continent<\/strong> de la mani\u00e8re la plus confortable qu\u2018il soit. Qu\u2018il s\u2018agisse d\u2018attrayants aper\u00e7us des centres historiques de <strong>grandes villes europ\u00e9ennes<\/strong> \u00e0 la renomm\u00e9e mondiale, de la <strong>d\u00e9gustation <\/strong>de grands vins ou de <strong>promenades <\/strong>le long de beaut\u00e9s de la nature et de <strong>villages romantiques<\/strong> \u2013 gr\u00e2ce \u00e0 nos <strong>guides <\/strong>touristiques exp\u00e9riment\u00e9s et comp\u00e9tents sur place, nos <strong>excursions <\/strong>vous offrent des exp\u00e9riences intenses dont vous vous souviendrez avec plaisir de retour chez vous.<\/p>\n<p>Nos packs d\u2018excursions vari\u00e9s vous donnent la possibilit\u00e9 de choisir individuellement les circuits de d\u00e9couverte auxquels vous souhaitez participer. Vous aurez bien entendu suffisamment de temps pour fl\u00e2ner en faisant du shopping et notre concierge \u00e0 bord saura toujours vous conseiller les meilleures adresses. Et si vous souhaitez d\u00e9couvrir le pays et faire la connaissance directe de ses habitants, nos v\u00e9los \u00e0 bord sont \u00e0 votre enti\u00e8re disposition, gratuitement.<\/p>\n<p>L\u2018attrait particulier d\u2018un <strong>voyage fluvial<\/strong> consiste aussi en de <strong>nouvelles rencontres et les connaissances<\/strong> avec lesquelles vous pouvez partager les joies du voyage. Achevez une autre journ\u00e9e divertissante sur le <strong>fleuve <\/strong>entre amis, autour de conf\u00e9rences captivantes et d\u2018<strong>exp\u00e9riences gastronomiques<\/strong> \u00e0 bord, qui vous familiariseront encore davantage avec les habitants et les r\u00e9gions que vous traversez.<\/p>\n<\/div><\/div>\n\n<div class=\"et_pb_module et_pb_button_module_wrapper et_pb_button_0_wrapper\"><a class=\"et_pb_button_0 et_pb_button et_pb_bg_layout_light et_pb_module et_block_module\" href=\"https:\/\/lueftner-cruises.fr\/croisieres-fluviales-de-luxe\/wp-content\/uploads\/2025\/06\/2026_River_Cruise_Brochure_Lueftner_Cruises_single_Compresser.pdf\" target=\"_blank\">D\u00e9couvrez notre brochure 2026<\/a><\/div>\n<\/div>\n<\/div>\n\n<div class=\"et_pb_row_1 et_pb_row et_block_row\">\n<div class=\"et_pb_column_1 et_pb_column et_pb_column_4_4 et-last-child et_block_column et_pb_css_mix_blend_mode_passthrough\">\n<div class=\"et_pb_text_1 et_pb_text et_pb_bg_layout_light et_pb_module et_block_module\"><div class=\"et_pb_text_inner\"><hr \/>\n<p>&nbsp;<\/p>\n<p><strong><img loading=\"lazy\" decoding=\"async\" id=\"croisieres fluviales de luxe\" class=\"alignright\" title=\"Croisi\u00e8re Fluviale Rhin Meuse Amsterdam\" src=\"https:\/\/lueftner-cruises.fr\/croisieres-fluviales-de-luxe\/wp-content\/uploads\/2016\/12\/croisiere-fluviale-luftner-cruises-tulipes.jpg\" alt=\"croisiere des tulipes\" width=\"220\" height=\"118\" \/>Croisi\u00e8re des tulipes \u00e0 partir de \u20ac 1 032 p.p.<\/strong><br \/> 8 jours <strong>croisi\u00e8re <\/strong>Amsterdam \u2013Gand\u2013 Amsterdam<\/p>\n<p>Notre saison 2016 de <strong>croisi\u00e8res fluviales<\/strong> commence avec ce circuit riche en\u00a0couleurs au d\u00e9part et \u00e0 l\u2019arriv\u00e9e d\u2019Amsterdam. Cette <strong>croisi\u00e8re<\/strong> d\u2019une semaine\u00a0dans le delta du <strong>Rhin<\/strong>, que celui-ci partage avec le Lek, la <strong>Meuse<\/strong> et l\u2019Escaut\u00a0vous fera traverser la <strong>Hollande<\/strong> et la <strong>Belgique<\/strong>, longer de pittoresques villages\u00a0de p\u00eacheurs, de c\u00e9l\u00e8bres moulins \u00e0 vent et d\u2019infinis champs de tulipes. Vous\u00a0d\u00e9couvrirez non seulement des m\u00e9tropoles comme <strong>Amsterdam<\/strong> et <strong>Bruxelles<\/strong>,\u00a0mais \u00e9galement de petites merveilles insoup\u00e7onn\u00e9es comme le village\u00a0hollandais de Volendam ou des magnifiques villes belges comme Bruges\u00a0et Gand. Pour couronner cette <strong>croisi\u00e8re<\/strong>, vous visiterez le somptueux et color\u00e9\u00a0parc floral de Keukenhof, le plus grand jardin d\u2019exposition florale d\u2019Europe,\u00a0dont la magnificence des floraisons vous enchantera litt\u00e9ralement.<\/p>\n<hr \/>\n<p>&nbsp;<\/p>\n<p><strong><img loading=\"lazy\" decoding=\"async\" class=\"alignright wp-image-91 size-full\" title=\"Croisi\u00e8re Rhin Moselle : Amsterdam, Cologne, Strasbourg et B\u00e2le\" src=\"https:\/\/lueftner-cruises.fr\/croisieres-fluviales-de-luxe\/wp-content\/uploads\/2015\/09\/79077e0a7d1.jpg\" alt=\"croisi\u00e8re fluviale lueftner cruises\" width=\"220\" height=\"118\" \/>Rhin classique \u00e0 partir de \u20ac 683\u00a0p.p.<\/strong><br \/> 8 jours de croisi\u00e8re\u00a0Amsterdam \u2013 B\u00e2le ou B\u00e2le \u2013 Amsterdam<\/p>\n<p>Vous d\u00e9couvrirez dans le cadre de cette <strong>croisi\u00e8re<\/strong> d\u2019une semaine les nombreuses\u00a0facettes du Rhin, une des voies fluviales les plus importantes et\u00a0les plus attrayantes d\u2019Europe. D\u2019Amsterdam au bord de la mer du Nord \u00e0\u00a0B\u00e2le dans les Alpes suisses (ou inversement), votre <strong>croisi\u00e8re\u00a0<\/strong>vous fera traverser quatre pays au total. Vous passerez <strong>l\u2019Ijsselmeer hollandaise<\/strong>, ferez un\u00a0crochet par les <strong>m\u00e9andres de la Moselle<\/strong> et profiterez du panorama sur la\u00a0<strong>vall\u00e9e du Haut-Rhin\u00a0moyen<\/strong>, \u00e0 l\u2019origine de nombreuses l\u00e9gendes, sur ses\u00a0<strong>vignobles<\/strong>, son impressionnant rocher de la Lorele\u00ef et sa densit\u00e9 de <strong>ch\u00e2teaux\u00a0forts<\/strong> unique au monde. Vous accordez naturellement une visite aux grandes\u00a0m\u00e9tropoles du fleuve : Amsterdam, Cologne, Strasbourg et B\u00e2le.<\/p>\n<hr \/>\n<p>&nbsp;<\/p>\n<p><strong><img loading=\"lazy\" decoding=\"async\" class=\"alignright\" title=\"Croisi\u00e8re fluviale Rhin &amp; Danube : Amsterdam Cologne Nuremberg Vienne Bratislava Budapest\" src=\"https:\/\/lueftner-cruises.fr\/croisieres-fluviales-de-luxe\/wp-content\/uploads\/2016\/12\/croisiere-fluviale-luftner-cruises-europe.jpg\" alt=\"croisiere fluviale a travers europe\" width=\"220\" height=\"118\" \/>\u00c0 travers l\u00b4Europe \u00e0 partir de \u20ac 2 330 p.p.<\/strong><br \/> 15 jours de\u00a0croisi\u00e8re Amsterdam-Cologne-Nuremberg-Vienne-Bratislava-Budapest<\/p>\n<p>Cette <strong>croisi\u00e8re de r\u00eave<\/strong> de deux semaines \u00e0 travers le continent et pas moins de <strong>cinq\u00a0pays europ\u00e9ens<\/strong> sera un \u00e9v\u00e9nement inoubliable. En partant d\u2019<strong>Amsterdam<\/strong>,ville\u00a0hollandaise aux canaux, vous rejoindrez Cologne, puis parcourrez la magnifique\u00a0vall\u00e9e du Haut-Rhin moyen avec ses <strong>innombrables ch\u00e2teaux romantiques<\/strong> et son\u00a0mythique rocher de la Lorele\u00ef. Apr\u00e8s le passage du Main et du canal Main-Danube, votre bateau poursuivra sa route sur le Danube \u00e0 partir de Nuremberg,\u00a0o\u00f9 votre itin\u00e9raire vous fera traverser le paysage culturel autrichien de la vall\u00e9e\u00a0de la Wachau, les bouillonnantes m\u00e9tropoles de <strong>Vienne<\/strong> et de Bratislava avant de\u00a0se terminer \u00e0 <strong>Budapest<\/strong>, capitale et joyau de la Hongrie.<\/p>\n<hr \/>\n<p>&nbsp;<\/p>\n<p><strong><img loading=\"lazy\" decoding=\"async\" class=\"alignright wp-image-92 size-full\" title=\"Croisi\u00e8re sur le Danube avec L\u00fcftner : Budapest \u00e0 Passau\" src=\"https:\/\/lueftner-cruises.fr\/croisieres-fluviales-de-luxe\/wp-content\/uploads\/2015\/09\/de7d0f60da1.jpg\" alt=\"croisi\u00e8res fluviales de luxe\" width=\"220\" height=\"118\" \/>Danube classique \u00e0 partir de \u20ac 885\u00a0p.p.<\/strong><br \/> 8 jours de croisi\u00e8re Passau \u2013 Budapest ou Budapest \u2013 Passau<\/p>\n<p>Qu\u2019est-ce qui diff\u00e9rencie cette <strong>croisi\u00e8re sur le Danube<\/strong> du circuit \u00abclassique \u00bb\u00a0Passau \u2013 Budapest \u2013Passau ? C\u2019est tr\u00e8s simple : vous voyagerez davantage \u00e0\u00a0loisir de la ville bavaroise aux trois rivi\u00e8res \u00e0 la m\u00e9tropole hongroise au bord\u00a0du <strong>Danube<\/strong> en descendant exclusivement le cours du fleuve ou inversement et\u00a0profiterez en outre d\u2019un crochet dans la ville de <strong>Ratisbonne<\/strong>, dont l\u2019origine\u00a0remonte \u00e0 plus de 2 000 ans. En guise de suppl\u00e9ment, nous vous offrons la\u00a0possibilit\u00e9 de compl\u00e9ter votre <strong>croisi\u00e8re<\/strong> par un s\u00e9jour de <strong>deux jours \u00e0 Prague<\/strong>,\u00a0capitale de la R\u00e9publique Tch\u00e8que, qui m\u00e9rite un d\u00e9tour pour une visite.<\/p>\n<p>&nbsp;<\/p>\n<hr \/>\n<p>&nbsp;<\/p>\n<p><strong><img loading=\"lazy\" decoding=\"async\" class=\"alignright\" title=\"Croisi\u00e8re Fluviale L\u00fcftner : Rhapsodie du Danube\" src=\"https:\/\/lueftner-cruises.fr\/croisieres-fluviales-de-luxe\/wp-content\/uploads\/2016\/12\/croisiere-fluviale-luftner-cruises-rhapsodie.jpg\" alt=\"croisiere luxe rhapsodie danude\" width=\"220\" height=\"118\" \/>Rhapsodie du Danube \u00e0 partir de \u20ac 510\u00a0p.p.<\/strong><br \/> 8 jours croisi\u00e8re Passau-Vienne-Bratislava-Budapest-Passau<\/p>\n<p>La <strong>croisi\u00e8re<\/strong> intemporelle et classique <strong>Passau \u2013 Budapest<\/strong> aller\/retour, est de\u00a0loin la <strong>croisi\u00e8re fluviale<\/strong> la plus appr\u00e9ci\u00e9e d\u2019Europe et fait d\u00e9couvrir aux\u00a0amateurs d\u2019art une mine de tr\u00e9sors : de nombreux compositeurs, \u00e9crivains et\u00a0architectes ont \u0153uvr\u00e9 sur les rivages du <strong>Danube<\/strong> et laiss\u00e9 d\u2019incomparables\u00a0chefs-d\u2019oeuvre. Vous d\u00e9couvrirez non seulement <strong>Vienne<\/strong>, <strong>Bratislava<\/strong> et\u00a0<strong>Budapest<\/strong>, anciennes m\u00e9tropoles imp\u00e9riales et royales charg\u00e9es d\u2019histoire,\u00a0mais \u00e9galement le remarquable patrimoine naturel et culturel des rives du\u00a0<strong>Danube<\/strong>. Le programme inclut en effet des excursions dans la vall\u00e9e de la\u00a0<strong>Wachau<\/strong> et dans la <strong>Puszta<\/strong> de Hongrie, de m\u00eame que la visite de splendides\u00a0\u00e9difices imp\u00e9riaux, d\u2019\u00e9glises et de monast\u00e8res.<\/p>\n<hr \/>\n<p>&nbsp;<\/p>\n<p><strong><img loading=\"lazy\" decoding=\"async\" class=\"alignright wp-image-93 size-full\" title=\"Croisi\u00e8re sur le Rh\u00f4ne avec L\u00fcftner : Lyon, Chalon-sur-Sa\u00f4ne, Arles\" src=\"https:\/\/lueftner-cruises.fr\/croisieres-fluviales-de-luxe\/wp-content\/uploads\/2015\/09\/9e7e7c4a321.jpg\" alt=\"Croisi\u00e8re fluviale Rh\u00f4ne\" width=\"220\" height=\"118\" \/>D\u00e9couverte du\u00a0sud de la France \u00e0 partir de \u20ac 1.040 p.p.<\/strong><br \/> 8 jours de croisi\u00e8re\u00a0Lyon \u2013 Chalon-sur-Sa\u00f4ne \u2013 Arles \u2013Lyon<\/p>\n<p>Au cours de cette <strong>croisi\u00e8re fluviale<\/strong> \u00e0 bord de l\u2019<strong>AMADEUS<\/strong>\u00a0Provence dans\u00a0le sud ensoleill\u00e9 de la <strong>France<\/strong>, vous d\u00e9couvrirez l\u2019art de vivre \u00e0 la fran\u00e7aise\u00a0et succomberez aux couleurs magnifiques des paysages plong\u00e9s dans une\u00a0lumi\u00e8re \u00e0 la beaut\u00e9 l\u00e9gendaire \u00e0 l\u2019instar des impressionnistes et autres\u00a0peintres de g\u00e9nie du XIXe si\u00e8cle ! Au d\u00e9part de <strong>Lyon<\/strong>, capitale de la soie\u00a0et de la gastronomie, cette <strong>croisi\u00e8re<\/strong> d\u2019une semaine longera le <strong>Rh\u00f4ne<\/strong> et\u00a0son affluent, la <strong>Sa\u00f4ne<\/strong>, traversera entre autres les vignobles de <strong>Bourgogne\u00a0<\/strong>et du <strong>Beaujolais<\/strong>, r\u00e9put\u00e9s dans le monde entier, des villes fascinantes\u00a0telles <strong>Avignon<\/strong> et <strong>Arles<\/strong>, dont l\u2019histoire remonte \u00e0 l'\u00e9poque romaine, et des\u00a0paradis naturels uniques, \u00e0 la beaut\u00e9 sauvage et romantique que sont la\u00a0Camargue et les gorges de l\u2019Ard\u00e8che.<\/p>\n<hr \/>\n<p>&nbsp;<\/p>\n<p><strong><img loading=\"lazy\" decoding=\"async\" class=\"alignright wp-image-94 size-full\" title=\"Croisi\u00e8re Paris et les beaut\u00e9s de la Seine\" src=\"https:\/\/lueftner-cruises.fr\/croisieres-fluviales-de-luxe\/wp-content\/uploads\/2015\/09\/dff47bf2c31.jpg\" alt=\"Croisi\u00e8re fluviale L\u00fcftner Cruises Amadeus\" width=\"220\" height=\"118\" \/>Paris et les beaut\u00e9s\u00a0de la Seine \u00e0 partir de \u20ac 999 p.p.<\/strong><br \/> 8 jours de croisi\u00e8re\u00a0Paris \u2013 Le Havre\u00a0\u2013Paris<\/p>\n<p>Un mariage in\u00e9dit : la ville certainement la plus romantique du monde et un\u00a0voyage captivant dans le pass\u00e9 des anciens ma\u00eetres fran\u00e7ais vous attendent\u00a0pendant cette <strong>croisi\u00e8re<\/strong> d\u2019une semaine sur l\u2019AMADEUS Diamond avec d\u00e9part\u00a0et retour \u00e0 <strong>Paris<\/strong>. Sur les traces de Van Gogh, C\u00e9zanne et Gauguin le long des\u00a0m\u00e9andres de la Seine, la <strong>croisi\u00e8re<\/strong> descend le fleuve jusqu\u2019en Normandie qui\u00a0compte sans aucun doute parmi <strong>les plus beaux paysages de France<\/strong> et qui est\u00a0rest\u00e9e c\u00e9l\u00e8bre dans l\u2019histoire en raison des \u00e9v\u00e9nements de la Seconde Guerre\u00a0mondiale qui s\u2019y sont d\u00e9roul\u00e9s. Une visite du ch\u00e2teau de Versailles, mondialement\u00a0connu, sera \u00e9galement propos\u00e9e de m\u00eame que la visite de Rouen, \u00abville\u00a0mus\u00e9e\u00bb ou du pittoresque port de Honfleur.<\/p>\n<hr \/>\n<p>&nbsp;<\/p>\n<p><strong><img loading=\"lazy\" decoding=\"async\" class=\"alignright wp-image-95 size-full\" title=\"Croisi\u00e8res musicales sur le Rhin et le Danube\" src=\"https:\/\/lueftner-cruises.fr\/croisieres-fluviales-de-luxe\/wp-content\/uploads\/2015\/09\/0fd774cd6f1.jpg\" alt=\"Croisi\u00e8re Musicale L\u00fcftner Cruises\" width=\"220\" height=\"118\" \/>Musique classique\u00a0sur le Rhin et le Danube \u00e0 partir de \u20ac 1 663\u00a0p.p.<\/strong><br \/> 8 jours de croisi\u00e8re Amsterdam \u2013 B\u00e2le et\u00a0Budapest \u2013Passau<\/p>\n<p>Ces <strong>croisi\u00e8res th\u00e9matiques<\/strong> ne sont pas l\u00e9gion !\u00a0Elles ne sont propos\u00e9es qu\u2019une seule fois\u00a0dans l'ann\u00e9e et s\u2019adressent en particulier aux\u00a0<strong>m\u00e9lomanes<\/strong>. Un talentueux ensemble sous la\u00a0direction de l\u2019<strong>Acad\u00e9mie de musique de Saxe<\/strong> \u00e0\u00a0bord et une s\u00e9lection de concerts \u00e0 terre pr\u00e9sent\u00e9s\u00a0par un expert, vous feront passer des\u00a0heures inoubliables. L\u2019offre s\u2019accompagne\u00a0d\u2019excursions classiques sur cette th\u00e9matique\u00a0et, pour la <strong>croisi\u00e8re sur le Danube<\/strong>, de la possibilit\u00e9\u00a0d\u2019assister \u00e0 une repr\u00e9sentation dans\u00a0<strong>les c\u00e9l\u00e8bres op\u00e9ras de Vienne et de Budapest<\/strong>.<\/p>\n<hr \/>\n<p>&nbsp;<\/p>\n<p><strong><img loading=\"lazy\" decoding=\"async\" class=\"alignright wp-image-96 size-full\" title=\"Croisi\u00e8res fluviales L\u00fcftner Cruises : Magie de l\u2019Avent, No\u00ebl et Nouvel An\" src=\"https:\/\/lueftner-cruises.fr\/croisieres-fluviales-de-luxe\/wp-content\/uploads\/2015\/09\/8096961a281.jpg\" alt=\"Croisi\u00e8re fluviale de l'Avent \/ No\u00ebl \/ Nouvel An\" width=\"220\" height=\"118\" \/>Croisi\u00e8res d\u2019hiver<\/strong> -\u00a0Magie de l\u2019Avent, croisi\u00e8res de No\u00ebl et du Nouvel An<br \/> <strong>Croisi\u00e8res<\/strong> \u00e0 partir de \u20ac 444 p.p.<\/p>\n<p>Nos <strong>croisi\u00e8res<\/strong> d\u2019hiver sur le <strong>Rhin<\/strong> et le <strong>Danube<\/strong> sont un secret d\u2019initi\u00e9s bien gard\u00e9. Les\u00a0rivages idylliques et le charme romantique des villes illumin\u00e9es sont particuli\u00e8rement\u00a0irr\u00e9sistibles en cette p\u00e9riode de l\u2019Avent et des f\u00eates de fin d\u2019ann\u00e9e. Que vous souhaitiez\u00a0visiter pendant les quatre semaines de l\u2019Avent les plus beaux march\u00e9s de No\u00ebl de\u00a0chaque r\u00e9gion que traverse la <strong>croisi\u00e8re<\/strong>, passer un joyeux <strong>No\u00ebl<\/strong> ou un <strong>Nouvel An<\/strong>\u00a0f\u00e9erique en admirant les plus somptueux feux d\u2019artifice tir\u00e9s des grandes m\u00e9tropoles\u00a0du Rhin et du Danube : une <strong>croisi\u00e8re<\/strong> reposante dans le plus grand confort vous attend\u00a0\u00e0 bord du bateau <strong>AMADEUS<\/strong> magnifiquement d\u00e9cor\u00e9 pour l\u2019occasion !<\/p>\n<\/div><\/div>\n<\/div>\n<\/div>\n<\/div>","protected":false},"excerpt":{"rendered":"","protected":false},"author":1,"featured_media":0,"parent":0,"menu_order":0,"comment_status":"closed","ping_status":"closed","template":"","meta":{"footnotes":""},"class_list":["post-38","page","type-page","status-publish","hentry"],"yoast_head":"<!-- This site is optimized with the Yoast SEO plugin v27.5 - https:\/\/yoast.com\/product\/yoast-seo-wordpress\/ -->\n<title>Croisi\u00e8re L\u00fcftner : D\u00e9couvrir, admirer et se laisser inspirer<\/title>\n<meta name=\"description\" content=\"Chaque fleuve poss\u00e8de une histoire qui lui est propre. D\u00e9couvrez avec les croisi\u00e8res L\u00fcftner les moments forts de plus de 2.000 ans d\u2018histoire europ\u00e9enne.\" \/>\n<meta name=\"robots\" content=\"index, follow, max-snippet:-1, max-image-preview:large, max-video-preview:-1\" \/>\n<link rel=\"canonical\" href=\"https:\/\/lueftner-cruises.fr\/croisieres-fluviales-de-luxe\/decouvrir-admirer-et-se-laisser-inspirer\/\" \/>\n<meta property=\"og:locale\" content=\"fr_FR\" \/>\n<meta property=\"og:type\" content=\"article\" \/>\n<meta property=\"og:title\" content=\"Croisi\u00e8re L\u00fcftner : D\u00e9couvrir, admirer et se laisser inspirer\" \/>\n<meta property=\"og:description\" content=\"Chaque fleuve poss\u00e8de une histoire qui lui est propre. D\u00e9couvrez avec les croisi\u00e8res L\u00fcftner les moments forts de plus de 2.000 ans d\u2018histoire europ\u00e9enne.\" \/>\n<meta property=\"og:url\" content=\"https:\/\/lueftner-cruises.fr\/croisieres-fluviales-de-luxe\/decouvrir-admirer-et-se-laisser-inspirer\/\" \/>\n<meta property=\"og:site_name\" content=\"Croisi\u00e8res Fluviales de Luxe L\u00fcftner Cruises\" \/>\n<meta property=\"article:modified_time\" content=\"2026-03-09T11:04:47+00:00\" \/>\n<meta name=\"twitter:card\" content=\"summary_large_image\" \/>\n<meta name=\"twitter:site\" content=\"@oceaniacruisefr\" \/>\n<script type=\"application\/ld+json\" class=\"yoast-schema-graph\">{\"@context\":\"https:\\\/\\\/schema.org\",\"@graph\":[{\"@type\":\"WebPage\",\"@id\":\"https:\\\/\\\/lueftner-cruises.fr\\\/croisieres-fluviales-de-luxe\\\/decouvrir-admirer-et-se-laisser-inspirer\\\/\",\"url\":\"https:\\\/\\\/lueftner-cruises.fr\\\/croisieres-fluviales-de-luxe\\\/decouvrir-admirer-et-se-laisser-inspirer\\\/\",\"name\":\"Croisi\u00e8re L\u00fcftner : D\u00e9couvrir, admirer et se laisser inspirer\",\"isPartOf\":{\"@id\":\"https:\\\/\\\/lueftner-cruises.fr\\\/croisieres-fluviales-de-luxe\\\/#website\"},\"datePublished\":\"2015-09-04T14:31:46+00:00\",\"dateModified\":\"2026-03-09T11:04:47+00:00\",\"description\":\"Chaque fleuve poss\u00e8de une histoire qui lui est propre. D\u00e9couvrez avec les croisi\u00e8res L\u00fcftner les moments forts de plus de 2.000 ans d\u2018histoire europ\u00e9enne.\",\"breadcrumb\":{\"@id\":\"https:\\\/\\\/lueftner-cruises.fr\\\/croisieres-fluviales-de-luxe\\\/decouvrir-admirer-et-se-laisser-inspirer\\\/#breadcrumb\"},\"inLanguage\":\"fr-FR\",\"potentialAction\":[{\"@type\":\"ReadAction\",\"target\":[\"https:\\\/\\\/lueftner-cruises.fr\\\/croisieres-fluviales-de-luxe\\\/decouvrir-admirer-et-se-laisser-inspirer\\\/\"]}]},{\"@type\":\"BreadcrumbList\",\"@id\":\"https:\\\/\\\/lueftner-cruises.fr\\\/croisieres-fluviales-de-luxe\\\/decouvrir-admirer-et-se-laisser-inspirer\\\/#breadcrumb\",\"itemListElement\":[{\"@type\":\"ListItem\",\"position\":1,\"name\":\"Accueil\",\"item\":\"https:\\\/\\\/lueftner-cruises.fr\\\/croisieres-fluviales-de-luxe\\\/\"},{\"@type\":\"ListItem\",\"position\":2,\"name\":\"D\u00e9couvrir, admirer et se laisser inspirer\"}]},{\"@type\":\"WebSite\",\"@id\":\"https:\\\/\\\/lueftner-cruises.fr\\\/croisieres-fluviales-de-luxe\\\/#website\",\"url\":\"https:\\\/\\\/lueftner-cruises.fr\\\/croisieres-fluviales-de-luxe\\\/\",\"name\":\"Croisi\u00e8res Fluviales de Luxe L\u00fcftner Cruises\",\"description\":\"\",\"potentialAction\":[{\"@type\":\"SearchAction\",\"target\":{\"@type\":\"EntryPoint\",\"urlTemplate\":\"https:\\\/\\\/lueftner-cruises.fr\\\/croisieres-fluviales-de-luxe\\\/?s={search_term_string}\"},\"query-input\":{\"@type\":\"PropertyValueSpecification\",\"valueRequired\":true,\"valueName\":\"search_term_string\"}}],\"inLanguage\":\"fr-FR\"}]}<\/script>\n<!-- \/ Yoast SEO plugin. -->","yoast_head_json":{"title":"Croisi\u00e8re L\u00fcftner : D\u00e9couvrir, admirer et se laisser inspirer","description":"Chaque fleuve poss\u00e8de une histoire qui lui est propre. D\u00e9couvrez avec les croisi\u00e8res L\u00fcftner les moments forts de plus de 2.000 ans d\u2018histoire europ\u00e9enne.","robots":{"index":"index","follow":"follow","max-snippet":"max-snippet:-1","max-image-preview":"max-image-preview:large","max-video-preview":"max-video-preview:-1"},"canonical":"https:\/\/lueftner-cruises.fr\/croisieres-fluviales-de-luxe\/decouvrir-admirer-et-se-laisser-inspirer\/","og_locale":"fr_FR","og_type":"article","og_title":"Croisi\u00e8re L\u00fcftner : D\u00e9couvrir, admirer et se laisser inspirer","og_description":"Chaque fleuve poss\u00e8de une histoire qui lui est propre. D\u00e9couvrez avec les croisi\u00e8res L\u00fcftner les moments forts de plus de 2.000 ans d\u2018histoire europ\u00e9enne.","og_url":"https:\/\/lueftner-cruises.fr\/croisieres-fluviales-de-luxe\/decouvrir-admirer-et-se-laisser-inspirer\/","og_site_name":"Croisi\u00e8res Fluviales de Luxe L\u00fcftner Cruises","article_modified_time":"2026-03-09T11:04:47+00:00","twitter_card":"summary_large_image","twitter_site":"@oceaniacruisefr","schema":{"@context":"https:\/\/schema.org","@graph":[{"@type":"WebPage","@id":"https:\/\/lueftner-cruises.fr\/croisieres-fluviales-de-luxe\/decouvrir-admirer-et-se-laisser-inspirer\/","url":"https:\/\/lueftner-cruises.fr\/croisieres-fluviales-de-luxe\/decouvrir-admirer-et-se-laisser-inspirer\/","name":"Croisi\u00e8re L\u00fcftner : D\u00e9couvrir, admirer et se laisser inspirer","isPartOf":{"@id":"https:\/\/lueftner-cruises.fr\/croisieres-fluviales-de-luxe\/#website"},"datePublished":"2015-09-04T14:31:46+00:00","dateModified":"2026-03-09T11:04:47+00:00","description":"Chaque fleuve poss\u00e8de une histoire qui lui est propre. D\u00e9couvrez avec les croisi\u00e8res L\u00fcftner les moments forts de plus de 2.000 ans d\u2018histoire europ\u00e9enne.","breadcrumb":{"@id":"https:\/\/lueftner-cruises.fr\/croisieres-fluviales-de-luxe\/decouvrir-admirer-et-se-laisser-inspirer\/#breadcrumb"},"inLanguage":"fr-FR","potentialAction":[{"@type":"ReadAction","target":["https:\/\/lueftner-cruises.fr\/croisieres-fluviales-de-luxe\/decouvrir-admirer-et-se-laisser-inspirer\/"]}]},{"@type":"BreadcrumbList","@id":"https:\/\/lueftner-cruises.fr\/croisieres-fluviales-de-luxe\/decouvrir-admirer-et-se-laisser-inspirer\/#breadcrumb","itemListElement":[{"@type":"ListItem","position":1,"name":"Accueil","item":"https:\/\/lueftner-cruises.fr\/croisieres-fluviales-de-luxe\/"},{"@type":"ListItem","position":2,"name":"D\u00e9couvrir, admirer et se laisser inspirer"}]},{"@type":"WebSite","@id":"https:\/\/lueftner-cruises.fr\/croisieres-fluviales-de-luxe\/#website","url":"https:\/\/lueftner-cruises.fr\/croisieres-fluviales-de-luxe\/","name":"Croisi\u00e8res Fluviales de Luxe L\u00fcftner Cruises","description":"","potentialAction":[{"@type":"SearchAction","target":{"@type":"EntryPoint","urlTemplate":"https:\/\/lueftner-cruises.fr\/croisieres-fluviales-de-luxe\/?s={search_term_string}"},"query-input":{"@type":"PropertyValueSpecification","valueRequired":true,"valueName":"search_term_string"}}],"inLanguage":"fr-FR"}]}},"_links":{"self":[{"href":"https:\/\/lueftner-cruises.fr\/croisieres-fluviales-de-luxe\/wp-json\/wp\/v2\/pages\/38","targetHints":{"allow":["GET"]}}],"collection":[{"href":"https:\/\/lueftner-cruises.fr\/croisieres-fluviales-de-luxe\/wp-json\/wp\/v2\/pages"}],"about":[{"href":"https:\/\/lueftner-cruises.fr\/croisieres-fluviales-de-luxe\/wp-json\/wp\/v2\/types\/page"}],"author":[{"embeddable":true,"href":"https:\/\/lueftner-cruises.fr\/croisieres-fluviales-de-luxe\/wp-json\/wp\/v2\/users\/1"}],"replies":[{"embeddable":true,"href":"https:\/\/lueftner-cruises.fr\/croisieres-fluviales-de-luxe\/wp-json\/wp\/v2\/comments?post=38"}],"version-history":[{"count":31,"href":"https:\/\/lueftner-cruises.fr\/croisieres-fluviales-de-luxe\/wp-json\/wp\/v2\/pages\/38\/revisions"}],"predecessor-version":[{"id":530,"href":"https:\/\/lueftner-cruises.fr\/croisieres-fluviales-de-luxe\/wp-json\/wp\/v2\/pages\/38\/revisions\/530"}],"wp:attachment":[{"href":"https:\/\/lueftner-cruises.fr\/croisieres-fluviales-de-luxe\/wp-json\/wp\/v2\/media?parent=38"}],"curies":[{"name":"wp","href":"https:\/\/api.w.org\/{rel}","templated":true}]}}