{"id":2,"date":"2015-09-04T14:14:44","date_gmt":"2015-09-04T14:14:44","guid":{"rendered":"http:\/\/lueftner-cruises.fr\/croisieres-fluviales-de-luxe\/?page_id=2"},"modified":"2026-03-09T10:53:14","modified_gmt":"2026-03-09T10:53:14","slug":"a-propos","status":"publish","type":"page","link":"https:\/\/lueftner-cruises.fr\/croisieres-fluviales-de-luxe\/","title":{"rendered":"\u00c0 propos"},"content":{"rendered":"<div class=\"et_pb_section_0 et_pb_section et_section_regular et_block_section\">\n<div class=\"et_pb_row_0 et_pb_row et_block_row\">\n<div class=\"et_pb_column_0 et_pb_column et_pb_column_4_4 et-last-child et_block_column et_pb_css_mix_blend_mode_passthrough\">\n<div class=\"et_pb_text_0 et_pb_text et_pb_bg_layout_light et_pb_module et_block_module\"><div class=\"et_pb_text_inner\"><h1>Croisi\u00e8res Fluviales L\u00fcftner Cruises<\/h1>\n<\/div><\/div>\n\n<div class=\"et_pb_text_1 et_pb_text et_pb_bg_layout_light et_pb_module et_block_module\"><div class=\"et_pb_text_inner\"><p>Chers h\u00f4tes d\u2018AMADEUS,<\/p>\n<p><img decoding=\"async\" style=\"width: 300px; height: 215px; float: right;\" src=\"https:\/\/lueftner-cruises.fr\/croisieres-fluviales-de-luxe\/images\/22 Amadeus Elegant Entrance_s.jpg\" alt=\"croisiere fluviale\" \/>Bienvenue au sein de notre univers de <strong>croisi\u00e8res fluviales de prestige<\/strong>.<\/p>\n<p>Gr\u00e2ce \u00e0 notre <strong>flotte AMADEUS<\/strong>, vivez ce dont vous avez toujours r\u00eav\u00e9: un voyage d\u00e9tendu et inspirateur au fil des plus belles et plus int\u00e9ressantes <strong>voies d\u2018eau d\u2018Europe<\/strong>, agr\u00e9ment\u00e9 d\u2018un service des plus personnel et de la convivialit\u00e9 autrichienne.<\/p>\n<p>Nous vous invitons \u00e0 explorer ensemble l\u2019Europe dans un v\u00e9ritable style et confort europ\u00e9en, \u00e0 bord d\u2019un de nos nombreux bateaux et \u00e0 suivre un de nos itin\u00e9raires. D\u2019<strong>Amsterdam<\/strong> au <strong>Delta du Danube<\/strong> et \u00e0 la <strong>Mer Noire<\/strong>, du nord au<br \/>sud de la <strong>France<\/strong>, et aux beaux paysages du <strong>Rhin<\/strong> et du <strong>Danube<\/strong>, nos croisi\u00e8res sont con\u00e7ues pour pr\u00e9senter notre <strong>patrimoine europ\u00e9en<\/strong>. On s\u2019arr\u00eate visiter le meilleur des pays que nous traversons avec des programmes soigneusement planifi\u00e9s et d\u2019excursions \u00e0 terre pour montrer le meilleur de ces magnifiques villes et villages mondialement c\u00e9l\u00e8bres.<\/p>\n<p><strong>Depuis plus de 30 ans<\/strong>, nous sommes les pionniers dans l\u2019innovation en <strong>croisi\u00e8re fluviale<\/strong> et cette ann\u00e9e ne sera pas diff\u00e9rente. <br \/>Nos programmes exclusifs de golf et de vin compl\u00e8tent nos offres de <strong>croisi\u00e8res th\u00e9matiques<\/strong>, s\u2019ajoutant \u00e0 nos itin\u00e9raires musicaux et hivernaux.<\/p>\n<p><img decoding=\"async\" style=\"width: 300px; height: 309px; float: right;\" src=\"https:\/\/lueftner-cruises.fr\/croisieres-fluviales-de-luxe\/images\/14 Amadeus Elegant Entrance_s.jpg\" alt=\"croisiere amadeus\" \/>Profitez aussi des nombreux avantages d\u2018<strong>une croisi\u00e8re en bateau AMADEUS <\/strong>: comme nos v\u00e9los gratuits, que vous pouvez emprunter sur tous nos voyages pour vos excursions de d\u00e9couverte personnelles. Nos vins de <strong>vignobles <\/strong>europ\u00e9ens de choix, compris le soir dans tous les repas \u00e0 bord. Ou encore les services professionnels de notre concierge, \u00e0 votre disposition \u00e0 bord de tous les <strong>bateaux AMADEUS<\/strong>, qui prend en charge votre bien-\u00eatre personnel.<\/p>\n<p>Avec nous, jouissez de la parfaite combinaison <strong>entre croisi\u00e8re et d\u00e9couvertes naturelles et culturelles<\/strong>, ainsi que de beaucoup de temps pour appr\u00e9cier et vous reposer. Faites confiance \u00e0 nos <strong>longues ann\u00e9es d\u2018exp\u00e9rience<\/strong> en tant que sp\u00e9cialistes des <strong>fleuves d\u2018Europe<\/strong>.<\/p>\n<p>Nous vous souhaitons beaucoup de plaisir \u00e0 la recherche de <strong>la croisi\u00e8re personnelle de vos r\u00eaves<\/strong> \u00e0 bord d\u2018un bateau de notre flotte AMADEUS.<\/p>\n<p>La flotte prim\u00e9e AMADEUS offre un endroit de r\u00eave pour tout un chacun. Nous nous r\u00e9jouissons d\u2019avoir bient\u00f4t le plaisir de vous accueillir \u00e0 bord, au sein de la famille AMADEUS !<\/p>\n<p>Dr. Wolfgang L\u00fcftner Dipl.- Vw. Martina L\u00fcftner<br \/>et l'\u00e9quipe AMADEUS<\/p>\n<\/div><\/div>\n\n<div class=\"et_pb_module et_pb_button_module_wrapper et_pb_button_0_wrapper\"><a class=\"et_pb_button_0 et_pb_button et_pb_bg_layout_light et_pb_module et_block_module\" href=\"https:\/\/lueftner-cruises.fr\/croisieres-fluviales-de-luxe\/wp-content\/uploads\/2025\/06\/2026_River_Cruise_Brochure_Lueftner_Cruises_single_Compresser.pdf\" target=\"_blank\">D\u00e9couvrez notre brochure 2026<\/a><\/div>\n<\/div>\n<\/div>\n<\/div>","protected":false},"excerpt":{"rendered":"","protected":false},"author":1,"featured_media":0,"parent":0,"menu_order":1,"comment_status":"open","ping_status":"open","template":"","meta":{"footnotes":""},"class_list":["post-2","page","type-page","status-publish","hentry"],"yoast_head":"<!-- This site is optimized with the Yoast SEO plugin v27.5 - https:\/\/yoast.com\/product\/yoast-seo-wordpress\/ -->\n<title>Croisi\u00e8res Fluviales de Luxe L\u00fcftner Cruises en Europe<\/title>\n<meta name=\"description\" content=\"Gr\u00e2ce \u00e0 notre flotte AMADEUS, vivez ce dont vous avez toujours r\u00eav\u00e9: une croisi\u00e8re de luxe au fil des plus belles et plus int\u00e9ressantes voies d\u2018eau d\u2018Europe\" \/>\n<meta name=\"robots\" content=\"index, follow, max-snippet:-1, max-image-preview:large, max-video-preview:-1\" \/>\n<link rel=\"canonical\" href=\"https:\/\/lueftner-cruises.fr\/croisieres-fluviales-de-luxe\/\" \/>\n<meta property=\"og:locale\" content=\"fr_FR\" \/>\n<meta property=\"og:type\" content=\"article\" \/>\n<meta property=\"og:title\" content=\"Croisi\u00e8res Fluviales de Luxe L\u00fcftner Cruises en Europe\" \/>\n<meta property=\"og:description\" content=\"Gr\u00e2ce \u00e0 notre flotte AMADEUS, vivez ce dont vous avez toujours r\u00eav\u00e9: une croisi\u00e8re de luxe au fil des plus belles et plus int\u00e9ressantes voies d\u2018eau d\u2018Europe\" \/>\n<meta property=\"og:url\" content=\"https:\/\/lueftner-cruises.fr\/croisieres-fluviales-de-luxe\/\" \/>\n<meta property=\"og:site_name\" content=\"Croisi\u00e8res Fluviales de Luxe L\u00fcftner Cruises\" \/>\n<meta property=\"article:modified_time\" content=\"2026-03-09T10:53:14+00:00\" \/>\n<meta name=\"twitter:card\" content=\"summary_large_image\" \/>\n<meta name=\"twitter:site\" content=\"@oceaniacruisefr\" \/>\n<script type=\"application\/ld+json\" class=\"yoast-schema-graph\">{\"@context\":\"https:\\\/\\\/schema.org\",\"@graph\":[{\"@type\":\"WebPage\",\"@id\":\"https:\\\/\\\/lueftner-cruises.fr\\\/croisieres-fluviales-de-luxe\\\/\",\"url\":\"https:\\\/\\\/lueftner-cruises.fr\\\/croisieres-fluviales-de-luxe\\\/\",\"name\":\"Croisi\u00e8res Fluviales de Luxe L\u00fcftner Cruises en Europe\",\"isPartOf\":{\"@id\":\"https:\\\/\\\/lueftner-cruises.fr\\\/croisieres-fluviales-de-luxe\\\/#website\"},\"datePublished\":\"2015-09-04T14:14:44+00:00\",\"dateModified\":\"2026-03-09T10:53:14+00:00\",\"description\":\"Gr\u00e2ce \u00e0 notre flotte AMADEUS, vivez ce dont vous avez toujours r\u00eav\u00e9: une croisi\u00e8re de luxe au fil des plus belles et plus int\u00e9ressantes voies d\u2018eau d\u2018Europe\",\"breadcrumb\":{\"@id\":\"https:\\\/\\\/lueftner-cruises.fr\\\/croisieres-fluviales-de-luxe\\\/#breadcrumb\"},\"inLanguage\":\"fr-FR\",\"potentialAction\":[{\"@type\":\"ReadAction\",\"target\":[\"https:\\\/\\\/lueftner-cruises.fr\\\/croisieres-fluviales-de-luxe\\\/\"]}]},{\"@type\":\"BreadcrumbList\",\"@id\":\"https:\\\/\\\/lueftner-cruises.fr\\\/croisieres-fluviales-de-luxe\\\/#breadcrumb\",\"itemListElement\":[{\"@type\":\"ListItem\",\"position\":1,\"name\":\"Accueil\",\"item\":\"https:\\\/\\\/lueftner-cruises.fr\\\/croisieres-fluviales-de-luxe\\\/\"},{\"@type\":\"ListItem\",\"position\":2,\"name\":\"\u00c0 propos\"}]},{\"@type\":\"WebSite\",\"@id\":\"https:\\\/\\\/lueftner-cruises.fr\\\/croisieres-fluviales-de-luxe\\\/#website\",\"url\":\"https:\\\/\\\/lueftner-cruises.fr\\\/croisieres-fluviales-de-luxe\\\/\",\"name\":\"Croisi\u00e8res Fluviales de Luxe L\u00fcftner Cruises\",\"description\":\"\",\"potentialAction\":[{\"@type\":\"SearchAction\",\"target\":{\"@type\":\"EntryPoint\",\"urlTemplate\":\"https:\\\/\\\/lueftner-cruises.fr\\\/croisieres-fluviales-de-luxe\\\/?s={search_term_string}\"},\"query-input\":{\"@type\":\"PropertyValueSpecification\",\"valueRequired\":true,\"valueName\":\"search_term_string\"}}],\"inLanguage\":\"fr-FR\"}]}<\/script>\n<!-- \/ Yoast SEO plugin. -->","yoast_head_json":{"title":"Croisi\u00e8res Fluviales de Luxe L\u00fcftner Cruises en Europe","description":"Gr\u00e2ce \u00e0 notre flotte AMADEUS, vivez ce dont vous avez toujours r\u00eav\u00e9: une croisi\u00e8re de luxe au fil des plus belles et plus int\u00e9ressantes voies d\u2018eau d\u2018Europe","robots":{"index":"index","follow":"follow","max-snippet":"max-snippet:-1","max-image-preview":"max-image-preview:large","max-video-preview":"max-video-preview:-1"},"canonical":"https:\/\/lueftner-cruises.fr\/croisieres-fluviales-de-luxe\/","og_locale":"fr_FR","og_type":"article","og_title":"Croisi\u00e8res Fluviales de Luxe L\u00fcftner Cruises en Europe","og_description":"Gr\u00e2ce \u00e0 notre flotte AMADEUS, vivez ce dont vous avez toujours r\u00eav\u00e9: une croisi\u00e8re de luxe au fil des plus belles et plus int\u00e9ressantes voies d\u2018eau d\u2018Europe","og_url":"https:\/\/lueftner-cruises.fr\/croisieres-fluviales-de-luxe\/","og_site_name":"Croisi\u00e8res Fluviales de Luxe L\u00fcftner Cruises","article_modified_time":"2026-03-09T10:53:14+00:00","twitter_card":"summary_large_image","twitter_site":"@oceaniacruisefr","schema":{"@context":"https:\/\/schema.org","@graph":[{"@type":"WebPage","@id":"https:\/\/lueftner-cruises.fr\/croisieres-fluviales-de-luxe\/","url":"https:\/\/lueftner-cruises.fr\/croisieres-fluviales-de-luxe\/","name":"Croisi\u00e8res Fluviales de Luxe L\u00fcftner Cruises en Europe","isPartOf":{"@id":"https:\/\/lueftner-cruises.fr\/croisieres-fluviales-de-luxe\/#website"},"datePublished":"2015-09-04T14:14:44+00:00","dateModified":"2026-03-09T10:53:14+00:00","description":"Gr\u00e2ce \u00e0 notre flotte AMADEUS, vivez ce dont vous avez toujours r\u00eav\u00e9: une croisi\u00e8re de luxe au fil des plus belles et plus int\u00e9ressantes voies d\u2018eau d\u2018Europe","breadcrumb":{"@id":"https:\/\/lueftner-cruises.fr\/croisieres-fluviales-de-luxe\/#breadcrumb"},"inLanguage":"fr-FR","potentialAction":[{"@type":"ReadAction","target":["https:\/\/lueftner-cruises.fr\/croisieres-fluviales-de-luxe\/"]}]},{"@type":"BreadcrumbList","@id":"https:\/\/lueftner-cruises.fr\/croisieres-fluviales-de-luxe\/#breadcrumb","itemListElement":[{"@type":"ListItem","position":1,"name":"Accueil","item":"https:\/\/lueftner-cruises.fr\/croisieres-fluviales-de-luxe\/"},{"@type":"ListItem","position":2,"name":"\u00c0 propos"}]},{"@type":"WebSite","@id":"https:\/\/lueftner-cruises.fr\/croisieres-fluviales-de-luxe\/#website","url":"https:\/\/lueftner-cruises.fr\/croisieres-fluviales-de-luxe\/","name":"Croisi\u00e8res Fluviales de Luxe L\u00fcftner Cruises","description":"","potentialAction":[{"@type":"SearchAction","target":{"@type":"EntryPoint","urlTemplate":"https:\/\/lueftner-cruises.fr\/croisieres-fluviales-de-luxe\/?s={search_term_string}"},"query-input":{"@type":"PropertyValueSpecification","valueRequired":true,"valueName":"search_term_string"}}],"inLanguage":"fr-FR"}]}},"_links":{"self":[{"href":"https:\/\/lueftner-cruises.fr\/croisieres-fluviales-de-luxe\/wp-json\/wp\/v2\/pages\/2","targetHints":{"allow":["GET"]}}],"collection":[{"href":"https:\/\/lueftner-cruises.fr\/croisieres-fluviales-de-luxe\/wp-json\/wp\/v2\/pages"}],"about":[{"href":"https:\/\/lueftner-cruises.fr\/croisieres-fluviales-de-luxe\/wp-json\/wp\/v2\/types\/page"}],"author":[{"embeddable":true,"href":"https:\/\/lueftner-cruises.fr\/croisieres-fluviales-de-luxe\/wp-json\/wp\/v2\/users\/1"}],"replies":[{"embeddable":true,"href":"https:\/\/lueftner-cruises.fr\/croisieres-fluviales-de-luxe\/wp-json\/wp\/v2\/comments?post=2"}],"version-history":[{"count":42,"href":"https:\/\/lueftner-cruises.fr\/croisieres-fluviales-de-luxe\/wp-json\/wp\/v2\/pages\/2\/revisions"}],"predecessor-version":[{"id":528,"href":"https:\/\/lueftner-cruises.fr\/croisieres-fluviales-de-luxe\/wp-json\/wp\/v2\/pages\/2\/revisions\/528"}],"wp:attachment":[{"href":"https:\/\/lueftner-cruises.fr\/croisieres-fluviales-de-luxe\/wp-json\/wp\/v2\/media?parent=2"}],"curies":[{"name":"wp","href":"https:\/\/api.w.org\/{rel}","templated":true}]}}